{"id":24,"date":"2009-07-03T18:22:52","date_gmt":"2009-07-03T16:22:52","guid":{"rendered":"http:\/\/www.martin-huelle.de\/blog\/?page_id=24"},"modified":"2026-01-06T13:40:23","modified_gmt":"2026-01-06T11:40:23","slug":"kontakt","status":"publish","type":"page","link":"https:\/\/www.martin-huelle.de\/blog\/kontakt\/","title":{"rendered":"Kontakt"},"content":{"rendered":"\n<p><strong>Solltest Du irgendwelche Fragen, R\u00fcckmeldungen oder Interessen haben, dann z\u00f6gere nicht, mich zu kontaktieren. <strong>Sende mir am besten eine Nachricht per E-Mail <\/strong>und ich werde mich so schnell wie m\u00f6glich bei Dir melden, es sei denn, ich stecke gerade in der Wildnis und mache neue Fotos \u2013 dann kann es auch mal etwas l\u00e4nger dauern &#8230; Auf jeden Fall freue ich mich darauf, von Dir zu h\u00f6ren!<\/strong><\/p>\n\n\n\n<p>Martin H\u00fclle<br>Liegnitzer Stra\u00dfe 42<br>42277 Wuppertal<br>Deutschland<br>phone +49 (0) 202 &#8211; 25 22 89 1<br>mobile +49 (0) 160 &#8211; 44 09 15 1<br><a href=\"mailto:post@martin-huelle.de\">post@martin-huelle.de<\/a><br><a href=\"https:\/\/www.martin-huelle.de\/\" target=\"_blank\" rel=\"noopener\">www.martin-huelle.de<\/a><\/p>\n\n\n\n<p><a href=\"https:\/\/www.instagram.com\/martinhuelle\/\" target=\"_blank\" rel=\"noreferrer noopener\">Instagram<\/a> | <a href=\"https:\/\/www.facebook.com\/MartinHuelleFotografie\" target=\"_blank\" rel=\"noreferrer noopener\">Facebook<\/a> | <a href=\"https:\/\/www.flickr.com\/photos\/martinhuelle\/albums\" target=\"_blank\" rel=\"noreferrer noopener\">Flickr<\/a> |&nbsp;<a href=\"https:\/\/www.youtube.com\/@MartinHuelle\" target=\"_blank\" rel=\"noreferrer noopener\">YouTube<\/a><\/p>\n<div class=\"shariff shariff-align-left shariff-widget-align-left\"><ul class=\"shariff-buttons theme-white orientation-horizontal buttonsize-small\"><li class=\"shariff-button facebook shariff-nocustomcolor\" style=\"background-color:#4273c8\"><a href=\"https:\/\/www.facebook.com\/sharer\/sharer.php?u=https%3A%2F%2Fwww.martin-huelle.de%2Fblog%2Fkontakt%2F\" title=\"Bei Facebook teilen\" aria-label=\"Bei Facebook teilen\" role=\"button\" rel=\"nofollow\" class=\"shariff-link\" style=\"; background-color:#3b5998; color:#3b5998\" target=\"_blank\"><span class=\"shariff-icon\" style=\"fill:#3b5998\"><svg width=\"32px\" height=\"20px\" xmlns=\"http:\/\/www.w3.org\/2000\/svg\" viewBox=\"0 0 18 32\"><path fill=\"#3b5998\" d=\"M17.1 0.2v4.7h-2.8q-1.5 0-2.1 0.6t-0.5 1.9v3.4h5.2l-0.7 5.3h-4.5v13.6h-5.5v-13.6h-4.5v-5.3h4.5v-3.9q0-3.3 1.9-5.2t5-1.8q2.6 0 4.1 0.2z\"\/><\/svg><\/span><span class=\"shariff-text\" style=\"color:#3b5998\">teilen<\/span>&nbsp;<\/a><\/li><li class=\"shariff-button twitter shariff-nocustomcolor\" style=\"background-color:#595959\"><a href=\"https:\/\/twitter.com\/share?url=https%3A%2F%2Fwww.martin-huelle.de%2Fblog%2Fkontakt%2F&text=Kontakt\" title=\"Bei X teilen\" aria-label=\"Bei X teilen\" role=\"button\" rel=\"noopener nofollow\" class=\"shariff-link\" style=\"; background-color:#000; color:#000\" target=\"_blank\"><span class=\"shariff-icon\" style=\"fill:#000\"><svg width=\"32px\" height=\"20px\" xmlns=\"http:\/\/www.w3.org\/2000\/svg\" viewBox=\"0 0 24 24\"><path fill=\"#000\" d=\"M14.258 10.152L23.176 0h-2.113l-7.747 8.813L7.133 0H0l9.352 13.328L0 23.973h2.113l8.176-9.309 6.531 9.309h7.133zm-2.895 3.293l-.949-1.328L2.875 1.56h3.246l6.086 8.523.945 1.328 7.91 11.078h-3.246zm0 0\"\/><\/svg><\/span><span class=\"shariff-text\" style=\"color:#000\">teilen<\/span>&nbsp;<\/a><\/li><li class=\"shariff-button mailto shariff-nocustomcolor\" style=\"background-color:#a8a8a8\"><a href=\"mailto:?body=https%3A%2F%2Fwww.martin-huelle.de%2Fblog%2Fkontakt%2F&subject=Kontakt\" title=\"Per E-Mail versenden\" aria-label=\"Per E-Mail versenden\" role=\"button\" rel=\"noopener nofollow\" class=\"shariff-link\" style=\"; background-color:#999; color:#999\"><span class=\"shariff-icon\" style=\"fill:#999\"><svg width=\"32px\" height=\"20px\" xmlns=\"http:\/\/www.w3.org\/2000\/svg\" viewBox=\"0 0 32 32\"><path fill=\"#999\" d=\"M32 12.7v14.2q0 1.2-0.8 2t-2 0.9h-26.3q-1.2 0-2-0.9t-0.8-2v-14.2q0.8 0.9 1.8 1.6 6.5 4.4 8.9 6.1 1 0.8 1.6 1.2t1.7 0.9 2 0.4h0.1q0.9 0 2-0.4t1.7-0.9 1.6-1.2q3-2.2 8.9-6.1 1-0.7 1.8-1.6zM32 7.4q0 1.4-0.9 2.7t-2.2 2.2q-6.7 4.7-8.4 5.8-0.2 0.1-0.7 0.5t-1 0.7-0.9 0.6-1.1 0.5-0.9 0.2h-0.1q-0.4 0-0.9-0.2t-1.1-0.5-0.9-0.6-1-0.7-0.7-0.5q-1.6-1.1-4.7-3.2t-3.6-2.6q-1.1-0.7-2.1-2t-1-2.5q0-1.4 0.7-2.3t2.1-0.9h26.3q1.2 0 2 0.8t0.9 2z\"\/><\/svg><\/span><span class=\"shariff-text\" style=\"color:#999\">E-Mail<\/span>&nbsp;<\/a><\/li><\/ul><\/div>","protected":false},"excerpt":{"rendered":"<p>Solltest Du irgendwelche Fragen, R\u00fcckmeldungen oder Interessen haben, dann z\u00f6gere nicht, mich zu kontaktieren. Sende mir am besten eine Nachricht per E-Mail und ich werde mich so schnell wie m\u00f6glich bei Dir melden, es sei denn, ich stecke gerade in der Wildnis und mache neue Fotos \u2013 dann kann es auch mal etwas l\u00e4nger dauern&hellip;<\/p>\n","protected":false},"author":2,"featured_media":0,"parent":0,"menu_order":3,"comment_status":"closed","ping_status":"closed","template":"page-templates\/fullwidth-page.php","meta":{"footnotes":"","_links_to":"","_links_to_target":""},"class_list":["post-24","page","type-page","status-publish","hentry","comments-closed","no-comments"],"yoast_head":"<!-- This site is optimized with the Yoast SEO plugin v27.6 - https:\/\/yoast.com\/product\/yoast-seo-wordpress\/ -->\n<title>Kontakt - Martin H\u00fclle<\/title>\n<meta name=\"robots\" content=\"index, follow, max-snippet:-1, max-image-preview:large, max-video-preview:-1\" \/>\n<link rel=\"canonical\" href=\"https:\/\/www.martin-huelle.de\/blog\/kontakt\/\" \/>\n<meta property=\"og:locale\" content=\"de_DE\" \/>\n<meta property=\"og:type\" content=\"article\" \/>\n<meta property=\"og:title\" content=\"Kontakt - Martin H\u00fclle\" \/>\n<meta property=\"og:description\" content=\"Solltest Du irgendwelche Fragen, R\u00fcckmeldungen oder Interessen haben, dann z\u00f6gere nicht, mich zu kontaktieren. Sende mir am besten eine Nachricht per E-Mail und ich werde mich so schnell wie m\u00f6glich bei Dir melden, es sei denn, ich stecke gerade in der Wildnis und mache neue Fotos \u2013 dann kann es auch mal etwas l\u00e4nger dauern&hellip;\" \/>\n<meta property=\"og:url\" content=\"https:\/\/www.martin-huelle.de\/blog\/kontakt\/\" \/>\n<meta property=\"og:site_name\" content=\"Martin H\u00fclle\" \/>\n<meta property=\"article:publisher\" content=\"https:\/\/www.facebook.com\/MartinHuelleFotografie\" \/>\n<meta property=\"article:modified_time\" content=\"2026-01-06T11:40:23+00:00\" \/>\n<meta name=\"twitter:card\" content=\"summary_large_image\" \/>\n<meta name=\"twitter:site\" content=\"@MartinHuelle\" \/>\n<meta name=\"twitter:label1\" content=\"Gesch\u00e4tzte Lesezeit\" \/>\n\t<meta name=\"twitter:data1\" content=\"1\u00a0Minute\" \/>\n<script type=\"application\/ld+json\" class=\"yoast-schema-graph\">{\"@context\":\"https:\\\/\\\/schema.org\",\"@graph\":[{\"@type\":\"WebPage\",\"@id\":\"https:\\\/\\\/www.martin-huelle.de\\\/blog\\\/kontakt\\\/\",\"url\":\"https:\\\/\\\/www.martin-huelle.de\\\/blog\\\/kontakt\\\/\",\"name\":\"Kontakt - Martin H\u00fclle\",\"isPartOf\":{\"@id\":\"https:\\\/\\\/www.martin-huelle.de\\\/blog\\\/#website\"},\"datePublished\":\"2009-07-03T16:22:52+00:00\",\"dateModified\":\"2026-01-06T11:40:23+00:00\",\"breadcrumb\":{\"@id\":\"https:\\\/\\\/www.martin-huelle.de\\\/blog\\\/kontakt\\\/#breadcrumb\"},\"inLanguage\":\"de\",\"potentialAction\":[{\"@type\":\"ReadAction\",\"target\":[\"https:\\\/\\\/www.martin-huelle.de\\\/blog\\\/kontakt\\\/\"]}]},{\"@type\":\"BreadcrumbList\",\"@id\":\"https:\\\/\\\/www.martin-huelle.de\\\/blog\\\/kontakt\\\/#breadcrumb\",\"itemListElement\":[{\"@type\":\"ListItem\",\"position\":1,\"name\":\"Startseite\",\"item\":\"https:\\\/\\\/www.martin-huelle.de\\\/blog\\\/\"},{\"@type\":\"ListItem\",\"position\":2,\"name\":\"Kontakt\"}]},{\"@type\":\"WebSite\",\"@id\":\"https:\\\/\\\/www.martin-huelle.de\\\/blog\\\/#website\",\"url\":\"https:\\\/\\\/www.martin-huelle.de\\\/blog\\\/\",\"name\":\"Martin H\u00fclle\",\"description\":\"Fotografie - Blog\",\"potentialAction\":[{\"@type\":\"SearchAction\",\"target\":{\"@type\":\"EntryPoint\",\"urlTemplate\":\"https:\\\/\\\/www.martin-huelle.de\\\/blog\\\/?s={search_term_string}\"},\"query-input\":{\"@type\":\"PropertyValueSpecification\",\"valueRequired\":true,\"valueName\":\"search_term_string\"}}],\"inLanguage\":\"de\"}]}<\/script>\n<!-- \/ Yoast SEO plugin. -->","yoast_head_json":{"title":"Kontakt - Martin H\u00fclle","robots":{"index":"index","follow":"follow","max-snippet":"max-snippet:-1","max-image-preview":"max-image-preview:large","max-video-preview":"max-video-preview:-1"},"canonical":"https:\/\/www.martin-huelle.de\/blog\/kontakt\/","og_locale":"de_DE","og_type":"article","og_title":"Kontakt - Martin H\u00fclle","og_description":"Solltest Du irgendwelche Fragen, R\u00fcckmeldungen oder Interessen haben, dann z\u00f6gere nicht, mich zu kontaktieren. Sende mir am besten eine Nachricht per E-Mail und ich werde mich so schnell wie m\u00f6glich bei Dir melden, es sei denn, ich stecke gerade in der Wildnis und mache neue Fotos \u2013 dann kann es auch mal etwas l\u00e4nger dauern&hellip;","og_url":"https:\/\/www.martin-huelle.de\/blog\/kontakt\/","og_site_name":"Martin H\u00fclle","article_publisher":"https:\/\/www.facebook.com\/MartinHuelleFotografie","article_modified_time":"2026-01-06T11:40:23+00:00","twitter_card":"summary_large_image","twitter_site":"@MartinHuelle","twitter_misc":{"Gesch\u00e4tzte Lesezeit":"1\u00a0Minute"},"schema":{"@context":"https:\/\/schema.org","@graph":[{"@type":"WebPage","@id":"https:\/\/www.martin-huelle.de\/blog\/kontakt\/","url":"https:\/\/www.martin-huelle.de\/blog\/kontakt\/","name":"Kontakt - Martin H\u00fclle","isPartOf":{"@id":"https:\/\/www.martin-huelle.de\/blog\/#website"},"datePublished":"2009-07-03T16:22:52+00:00","dateModified":"2026-01-06T11:40:23+00:00","breadcrumb":{"@id":"https:\/\/www.martin-huelle.de\/blog\/kontakt\/#breadcrumb"},"inLanguage":"de","potentialAction":[{"@type":"ReadAction","target":["https:\/\/www.martin-huelle.de\/blog\/kontakt\/"]}]},{"@type":"BreadcrumbList","@id":"https:\/\/www.martin-huelle.de\/blog\/kontakt\/#breadcrumb","itemListElement":[{"@type":"ListItem","position":1,"name":"Startseite","item":"https:\/\/www.martin-huelle.de\/blog\/"},{"@type":"ListItem","position":2,"name":"Kontakt"}]},{"@type":"WebSite","@id":"https:\/\/www.martin-huelle.de\/blog\/#website","url":"https:\/\/www.martin-huelle.de\/blog\/","name":"Martin H\u00fclle","description":"Fotografie - Blog","potentialAction":[{"@type":"SearchAction","target":{"@type":"EntryPoint","urlTemplate":"https:\/\/www.martin-huelle.de\/blog\/?s={search_term_string}"},"query-input":{"@type":"PropertyValueSpecification","valueRequired":true,"valueName":"search_term_string"}}],"inLanguage":"de"}]}},"jetpack_sharing_enabled":true,"jetpack_shortlink":"https:\/\/wp.me\/P3Wb1B-o","_links":{"self":[{"href":"https:\/\/www.martin-huelle.de\/blog\/wp-json\/wp\/v2\/pages\/24","targetHints":{"allow":["GET"]}}],"collection":[{"href":"https:\/\/www.martin-huelle.de\/blog\/wp-json\/wp\/v2\/pages"}],"about":[{"href":"https:\/\/www.martin-huelle.de\/blog\/wp-json\/wp\/v2\/types\/page"}],"author":[{"embeddable":true,"href":"https:\/\/www.martin-huelle.de\/blog\/wp-json\/wp\/v2\/users\/2"}],"replies":[{"embeddable":true,"href":"https:\/\/www.martin-huelle.de\/blog\/wp-json\/wp\/v2\/comments?post=24"}],"version-history":[{"count":77,"href":"https:\/\/www.martin-huelle.de\/blog\/wp-json\/wp\/v2\/pages\/24\/revisions"}],"predecessor-version":[{"id":12528,"href":"https:\/\/www.martin-huelle.de\/blog\/wp-json\/wp\/v2\/pages\/24\/revisions\/12528"}],"wp:attachment":[{"href":"https:\/\/www.martin-huelle.de\/blog\/wp-json\/wp\/v2\/media?parent=24"}],"curies":[{"name":"wp","href":"https:\/\/api.w.org\/{rel}","templated":true}]}}