{"id":2,"date":"2009-06-29T17:24:33","date_gmt":"2009-06-29T15:24:33","guid":{"rendered":"http:\/\/www.martin-huelle.de\/blog\/?page_id=2"},"modified":"2025-11-07T17:35:46","modified_gmt":"2025-11-07T15:35:46","slug":"ueber-mich","status":"publish","type":"page","link":"https:\/\/www.martin-huelle.de\/blog\/ueber-mich\/","title":{"rendered":"\u00dcber mich"},"content":{"rendered":"\n<figure class=\"wp-block-image alignwide size-full\"><img loading=\"lazy\" decoding=\"async\" width=\"2400\" height=\"1600\" data-attachment-id=\"9442\" data-permalink=\"https:\/\/www.martin-huelle.de\/blog\/kungsleden-wanderung-2020\/\" data-orig-file=\"https:\/\/www.martin-huelle.de\/blog\/wp-content\/uploads\/2021\/02\/martin_huelle.jpg\" data-orig-size=\"2400,1600\" data-comments-opened=\"1\" data-image-meta=\"{&quot;aperture&quot;:&quot;5.6&quot;,&quot;credit&quot;:&quot;Martin H\\u00fclle&quot;,&quot;camera&quot;:&quot;X-Pro2&quot;,&quot;caption&quot;:&quot;&quot;,&quot;created_timestamp&quot;:&quot;1601642123&quot;,&quot;copyright&quot;:&quot;Martin H\\u00fclle \/ www.martin-huelle.de&quot;,&quot;focal_length&quot;:&quot;16&quot;,&quot;iso&quot;:&quot;200&quot;,&quot;shutter_speed&quot;:&quot;0.0023809523809524&quot;,&quot;title&quot;:&quot;Kungsleden Wanderung 2020&quot;,&quot;orientation&quot;:&quot;1&quot;}\" data-image-title=\"Am Kungsleden, Foto: Martin H\u00fclle\" data-image-description=\"&lt;p&gt;Am Kungsleden, Foto: Martin H\u00fclle&lt;\/p&gt;\n\" data-image-caption=\"\" data-large-file=\"https:\/\/www.martin-huelle.de\/blog\/wp-content\/uploads\/2021\/02\/martin_huelle-1024x683.jpg\" src=\"https:\/\/www.martin-huelle.de\/blog\/wp-content\/uploads\/2021\/02\/martin_huelle.jpg\" alt=\"Am Kungsleden, Foto: Martin H\u00fclle\" class=\"wp-image-9442\" srcset=\"https:\/\/www.martin-huelle.de\/blog\/wp-content\/uploads\/2021\/02\/martin_huelle.jpg 2400w, https:\/\/www.martin-huelle.de\/blog\/wp-content\/uploads\/2021\/02\/martin_huelle-300x200.jpg 300w, https:\/\/www.martin-huelle.de\/blog\/wp-content\/uploads\/2021\/02\/martin_huelle-1024x683.jpg 1024w, https:\/\/www.martin-huelle.de\/blog\/wp-content\/uploads\/2021\/02\/martin_huelle-768x512.jpg 768w, https:\/\/www.martin-huelle.de\/blog\/wp-content\/uploads\/2021\/02\/martin_huelle-1536x1024.jpg 1536w, https:\/\/www.martin-huelle.de\/blog\/wp-content\/uploads\/2021\/02\/martin_huelle-2048x1365.jpg 2048w, https:\/\/www.martin-huelle.de\/blog\/wp-content\/uploads\/2021\/02\/martin_huelle-2010x1340.jpg 2010w\" sizes=\"auto, (max-width: 2400px) 100vw, 2400px\" \/><\/figure>\n\n\n\n<p>Hej, mein Name ist <a href=\"https:\/\/www.martin-huelle.de\/\" target=\"_blank\" rel=\"noopener noreferrer\">Martin H\u00fclle<\/a> (*1973). Gemeinsam mit meiner Familie lebe ich in Wuppertal im Bergischen Land.<\/p>\n\n\n\n<p>Mein Herz schl\u00e4gt vor allem f\u00fcr die abgeschiedenen Regionen des hohen Nordens. Seit \u00fcber 30 Jahren durchstreife ich Berglandschaften und Gletscherwelten im Sommer wie im Winter. Ob zu Fu\u00df oder mit Ski habe ich auf unz\u00e4hligen Touren bereits tausende Kilometer in diesen atemberaubenden Gegenden zur\u00fcckgelegt. Das Nordlandfieber und der Arktis-Bazillus sind alte Bekannte, die ich sicherlich nie mehr loswerde.<\/p>\n\n\n\n<p>Den 800 km langen Nordkalottleden wanderte ich komplett an einem St\u00fcck. Wochenlange Wintertouren f\u00fchrten mich allein durch die einsamsten Gebiete Nordeuropas. Mehrfach lief ich \u00fcber den Jostedalsbreen in Norwegen und den Vatnaj\u00f6kull auf Island. Zwei \u00dcberquerungen des gr\u00f6nl\u00e4ndischen Inlandeises von Ost nach West \u2013 die Gr\u00f6nland Transversale 2006 und die Expedition EISW\u00dcSTE 2008 \u2013 waren Meilensteine in meinem Leben als \u201ePolarabenteurer\u201c.<\/p>\n\n\n\n<p>Im Fr\u00fchjahr 2012 rissen mich zwei Krampfanf\u00e4lle aus heiterem Himmel zu Boden, die Diagnose Epilepsie wurde gestellt und mein Wandererleben geriet aus den Fugen. In den Tagen im Krankenhaus und den Wochen danach, die es brauchte, um wieder so richtig auf die Beine zu kommen, lie\u00df ich mich allerdings nicht unterkriegen und fasste den Entschluss zu dem Projekt <a href=\"https:\/\/www.martin-huelle.de\/projekte\/mein-norden\" target=\"_blank\" rel=\"noopener noreferrer\">Mein Norden<\/a>. Erneut alles noch einmal zu tr\u00e4umen und aufzubrechen zu den wundervollen Orten, die mir von fr\u00fcher so viel bedeuteten \u2013 aber gleichzeitig auch Neuland aufzusp\u00fcren, in dem ich zuvor noch nie war, jedoch schon immer einmal hinwollte. Eine Liebeserkl\u00e4rung an raue Landschaften, karge Regionen und eine intensive Art des Unterwegsseins.<\/p>\n\n\n\n<p>Darauf folgte das Foto- und Reiseprojekt <a href=\"https:\/\/www.martin-huelle.de\/projekte\/another-time-another-place\" target=\"_blank\" rel=\"noreferrer noopener\">Another Time, Another Place<\/a>. Impressionen und Gedanken zwischen Sehnsucht und Wirklichkeit. Intime Momente voller Liebe und Melancholie. \u00dcber die Unw\u00e4gbarkeiten des Lebens und das Gl\u00fcck, immer wieder aufbrechen zu k\u00f6nnen.<\/p>\n\n\n\n<p>Die Fotografie und das Schreiben sind f\u00fcr mich eine Lebensart \u2013 eine M\u00f6glichkeit, Gef\u00fchle einzufangen, auszudr\u00fccken und mit anderen zu teilen. Kamera und Notizblock sind meine st\u00e4ndigen Begleiter auf der Suche nach spannenden Geschichten, Reportagen und Dokumentationen.<\/p>\n\n\n\n<p>&#8212;<\/p>\n\n\n\n<p><a href=\"https:\/\/www.instagram.com\/martinhuelle\/\" target=\"_blank\" rel=\"noopener noreferrer\">Instagram<\/a> | <a href=\"https:\/\/www.facebook.com\/MartinHuelleFotografie\" target=\"_blank\" rel=\"noopener noreferrer\">Facebook<\/a> | <a href=\"https:\/\/www.flickr.com\/photos\/martinhuelle\/albums\" target=\"_blank\" rel=\"noreferrer noopener\">Flickr<\/a> | <a href=\"https:\/\/www.youtube.com\/@MartinHuelle\" target=\"_blank\" rel=\"noreferrer noopener\">YouTube<\/a><\/p>\n\n\n\n<p>&#8212;<\/p>\n\n\n\n<h4 class=\"wp-block-heading\">Referenzen<\/h4>\n\n\n\n<p><strong>Magazine<\/strong><br>4-Seasons | 4-Seasons (CH) | abenteuer und reisen | ALPIN | America | aufunddavon | Bergische Bl\u00e4tter | Bergsteiger | bildung+reisen | camera | cewe Magazin&nbsp;| CHIP FOTO-VIDEO digital | CHIP FOTO-VIDEO digitaal (NL) | DAV Panorama | DigitalPHOTO | drau\u00dfen | EVEN | FernwehO Mag&nbsp;| FIT for LIFE (CH) | Fj\u00e4llr\u00e4ven Classic Magazin | FOTO DIGITAL | fotoespresso&nbsp;| fotoPRO&nbsp;| FRISCHLUFT&nbsp;| FujiLove&nbsp;Magazine | Globetrotter Edition&nbsp;| Globetrotter-Magazin (CH)&nbsp;| Land der Berge (AT) | Men\u2019s Health | NaturFoto | Nordic Fitness Magazin | Nordis | Nordpark Echo | NORR | outdoor | outdoor family | P\u00e4ng! | PHOTOGRAPHIE | PHOTO PRESSE&nbsp;| RAUS! | RINGFOTO-Magazin | SportPresse | terra |&nbsp;THE FERNWEH COLLECTIVE&nbsp;| TOURS | Trekker\u2019s World | trekking-Magazin | TURN ON | WanderAtlas Tirol | Wandermagazin | Wuppertal Alpin<\/p>\n\n\n\n<p><strong>Zeitungen<\/strong><br>BERGE &amp; MEER (DIE WELT) | blitzpunkt | Frankfurter Rundschau | HANWAG Bergpost&nbsp;| Im Blick | Iserlohner Kreisanzeiger und Zeitung | Kronen Zeitung (AT) | Remscheider General-Anzeiger | talwaerts&nbsp;| ViertelStunde | WAP | WAZ Ruhr-Anzeiger | Welt Kompakt | Westdeutsche Zeitung | Westfalenpost | Wuppertaler Rundschau<\/p>\n\n\n\n<p><strong>Online<\/strong><br>0817.de | 4-seasons.de | alpin.de | bergische-blaetter.de | bergsteiger.de | bildung-plus.de | calumetphoto.de | clickpix.eu | digitalefotoschule.de | digital-fotografie.us | expeditionzone.com | fernwehosophy.com | fotoespresso.de | fotowelt.chip.de | freiluft-blog.de | fr-online.de | happyphoton.de | hiking-blog.de | kwerfeldein.de | lens-flare.de | manfrottoimaginemore.com | mountains2b.com | norrmagazin.de | objektive24.de | olafbathke.de | outdoor-aktiv.com | outdoor-magazin.com | reisedepeschen.de | skipresse.de | spiegel.de | stadtlandflucht.de | theblacksnapper.com | tours-magazin.de | travelepisodes.com | visuellegedanken.de<\/p>\n\n\n\n<p><strong>Werbung<\/strong><br>alpin basis | BMW | contour&nbsp;| Ermolaev Bureau&nbsp;| Finnmark | Fj\u00e4llr\u00e4ven | Fujifilm&nbsp;| Globetrotter | Hilleberg | Nordisk | Outdoor Insider | outdoorprofis&nbsp;| PureTreks | Quanok | RockStore | Scarpa | Suunto | TNT | W\u00fcstenwandern<\/p>\n\n\n\n<p><strong>B\u00fccher<\/strong><br>Another Time, Another Place, 2021<br>Mein Norden, 2017<\/p>\n\n\n\n<p><strong>B\u00fccher (Gemeinschaftswerk)<\/strong><br>FUJIFILM X-PHOTOGRAPHERS \u2013 Vom Fotografieren mit dem Fujifilm X-System, Franzis Verlag, 2018<br>(zusammen mit Christian Ahrens, David Klammer, Thorsten Rother, Peter Steffen, Bertram Solcher)<\/p>\n\n\n\n<p><strong>Buchbeitr\u00e4ge<\/strong><br>Erfrischungstour, Georg Sichelschmidt, Draksal Fachverlag, 2012<br>OUTDOOR KOMPASS S\u00dcDNORWEGEN, Lars Schneider, Thomas Kettler Verlag, 2003<\/p>\n\n\n\n<p><strong>Kalender<\/strong><br>Nordische Momente 2017, Photocircle<br>Nordische Momente 2016, Photocircle<br>Erfrischungstour 2012, Draksal Fachverlag<\/p>\n\n\n\n<p><strong>Kalenderbeitr\u00e4ge<\/strong><br>SCH\u00d6NES SAUERLAND 2000, Verlag Sch\u00f6nes Sauerland<br>SCH\u00d6NES SAUERLAND 1999, Verlag Sch\u00f6nes Sauerland<\/p>\n\n\n\n<p><strong>Fernsehbeitr\u00e4ge<\/strong><br>Windrose, MDR<br>Lokalzeit Bergisches Land, WDR<\/p>\n\n\n\n<p><strong>Soloausstellungen<\/strong><br>\u201eAnother Time, Another Place\u201c, Fuji-Store, N\u00fcrnberg, 2021<\/p>\n\n\n\n<p><strong>Gruppenausstellungen<\/strong><br>\u201eLichtungen \u2013 Reflexionen der Fotografie\u201c, Epson Kunstbetrieb, D\u00fcsseldorf, 2008<\/p>\n\n\n\n<p><strong>Auszeichnungen<\/strong><br>Deutscher Fotobuchpreis 21\/22, Bronze (Longlist) f\u00fcr \u201eAnother Time, Another Place\u201c<\/p>\n\n\n\n<p>&#8212;<\/p>\n\n\n\n<p><a href=\"https:\/\/www.martin-huelle.de\/blog\/kontakt\/\">&gt; Kontakt<\/a><\/p>\n<div class=\"shariff shariff-align-left shariff-widget-align-left\"><ul class=\"shariff-buttons theme-white orientation-horizontal buttonsize-small\"><li class=\"shariff-button facebook shariff-nocustomcolor\" style=\"background-color:#4273c8\"><a href=\"https:\/\/www.facebook.com\/sharer\/sharer.php?u=https%3A%2F%2Fwww.martin-huelle.de%2Fblog%2Fueber-mich%2F\" title=\"Bei Facebook teilen\" aria-label=\"Bei Facebook teilen\" role=\"button\" rel=\"nofollow\" class=\"shariff-link\" style=\"; background-color:#3b5998; color:#3b5998\" target=\"_blank\"><span class=\"shariff-icon\" style=\"fill:#3b5998\"><svg width=\"32px\" height=\"20px\" xmlns=\"http:\/\/www.w3.org\/2000\/svg\" viewBox=\"0 0 18 32\"><path fill=\"#3b5998\" d=\"M17.1 0.2v4.7h-2.8q-1.5 0-2.1 0.6t-0.5 1.9v3.4h5.2l-0.7 5.3h-4.5v13.6h-5.5v-13.6h-4.5v-5.3h4.5v-3.9q0-3.3 1.9-5.2t5-1.8q2.6 0 4.1 0.2z\"\/><\/svg><\/span><span class=\"shariff-text\" style=\"color:#3b5998\">teilen<\/span>&nbsp;<\/a><\/li><li class=\"shariff-button twitter shariff-nocustomcolor\" style=\"background-color:#595959\"><a href=\"https:\/\/twitter.com\/share?url=https%3A%2F%2Fwww.martin-huelle.de%2Fblog%2Fueber-mich%2F&text=%C3%9Cber%20mich\" title=\"Bei X teilen\" aria-label=\"Bei X teilen\" role=\"button\" rel=\"noopener nofollow\" class=\"shariff-link\" style=\"; background-color:#000; color:#000\" target=\"_blank\"><span class=\"shariff-icon\" style=\"fill:#000\"><svg width=\"32px\" height=\"20px\" xmlns=\"http:\/\/www.w3.org\/2000\/svg\" viewBox=\"0 0 24 24\"><path fill=\"#000\" d=\"M14.258 10.152L23.176 0h-2.113l-7.747 8.813L7.133 0H0l9.352 13.328L0 23.973h2.113l8.176-9.309 6.531 9.309h7.133zm-2.895 3.293l-.949-1.328L2.875 1.56h3.246l6.086 8.523.945 1.328 7.91 11.078h-3.246zm0 0\"\/><\/svg><\/span><span class=\"shariff-text\" style=\"color:#000\">teilen<\/span>&nbsp;<\/a><\/li><li class=\"shariff-button mailto shariff-nocustomcolor\" style=\"background-color:#a8a8a8\"><a href=\"mailto:?body=https%3A%2F%2Fwww.martin-huelle.de%2Fblog%2Fueber-mich%2F&subject=%C3%9Cber%20mich\" title=\"Per E-Mail versenden\" aria-label=\"Per E-Mail versenden\" role=\"button\" rel=\"noopener nofollow\" class=\"shariff-link\" style=\"; background-color:#999; color:#999\"><span class=\"shariff-icon\" style=\"fill:#999\"><svg width=\"32px\" height=\"20px\" xmlns=\"http:\/\/www.w3.org\/2000\/svg\" viewBox=\"0 0 32 32\"><path fill=\"#999\" d=\"M32 12.7v14.2q0 1.2-0.8 2t-2 0.9h-26.3q-1.2 0-2-0.9t-0.8-2v-14.2q0.8 0.9 1.8 1.6 6.5 4.4 8.9 6.1 1 0.8 1.6 1.2t1.7 0.9 2 0.4h0.1q0.9 0 2-0.4t1.7-0.9 1.6-1.2q3-2.2 8.9-6.1 1-0.7 1.8-1.6zM32 7.4q0 1.4-0.9 2.7t-2.2 2.2q-6.7 4.7-8.4 5.8-0.2 0.1-0.7 0.5t-1 0.7-0.9 0.6-1.1 0.5-0.9 0.2h-0.1q-0.4 0-0.9-0.2t-1.1-0.5-0.9-0.6-1-0.7-0.7-0.5q-1.6-1.1-4.7-3.2t-3.6-2.6q-1.1-0.7-2.1-2t-1-2.5q0-1.4 0.7-2.3t2.1-0.9h26.3q1.2 0 2 0.8t0.9 2z\"\/><\/svg><\/span><span class=\"shariff-text\" style=\"color:#999\">E-Mail<\/span>&nbsp;<\/a><\/li><\/ul><\/div>","protected":false},"excerpt":{"rendered":"<p>Hej, mein Name ist Martin H\u00fclle (*1973). Gemeinsam mit meiner Familie lebe ich in Wuppertal im Bergischen Land. Mein Herz schl\u00e4gt vor allem f\u00fcr die abgeschiedenen Regionen des hohen Nordens. Seit \u00fcber 30 Jahren durchstreife ich Berglandschaften und Gletscherwelten im Sommer wie im Winter. Ob zu Fu\u00df oder mit Ski habe ich auf unz\u00e4hligen Touren&hellip;<\/p>\n","protected":false},"author":2,"featured_media":0,"parent":0,"menu_order":2,"comment_status":"closed","ping_status":"closed","template":"page-templates\/fullwidth-page.php","meta":{"jetpack_post_was_ever_published":false,"footnotes":"","_links_to":"","_links_to_target":""},"class_list":["post-2","page","type-page","status-publish","hentry","comments-closed","no-comments"],"yoast_head":"<!-- This site is optimized with the Yoast SEO plugin v27.4 - https:\/\/yoast.com\/product\/yoast-seo-wordpress\/ -->\n<title>\u00dcber mich - Martin H\u00fclle<\/title>\n<meta name=\"robots\" content=\"index, follow, max-snippet:-1, max-image-preview:large, max-video-preview:-1\" \/>\n<link rel=\"canonical\" href=\"https:\/\/www.martin-huelle.de\/blog\/ueber-mich\/\" \/>\n<meta property=\"og:locale\" content=\"de_DE\" \/>\n<meta property=\"og:type\" content=\"article\" \/>\n<meta property=\"og:title\" content=\"\u00dcber mich - Martin H\u00fclle\" \/>\n<meta property=\"og:description\" content=\"Hej, mein Name ist Martin H\u00fclle (*1973). Gemeinsam mit meiner Familie lebe ich in Wuppertal im Bergischen Land. Mein Herz schl\u00e4gt vor allem f\u00fcr die abgeschiedenen Regionen des hohen Nordens. Seit \u00fcber 30 Jahren durchstreife ich Berglandschaften und Gletscherwelten im Sommer wie im Winter. Ob zu Fu\u00df oder mit Ski habe ich auf unz\u00e4hligen Touren&hellip;\" \/>\n<meta property=\"og:url\" content=\"https:\/\/www.martin-huelle.de\/blog\/ueber-mich\/\" \/>\n<meta property=\"og:site_name\" content=\"Martin H\u00fclle\" \/>\n<meta property=\"article:publisher\" content=\"https:\/\/www.facebook.com\/MartinHuelleFotografie\" \/>\n<meta property=\"article:modified_time\" content=\"2025-11-07T15:35:46+00:00\" \/>\n<meta property=\"og:image\" content=\"https:\/\/www.martin-huelle.de\/blog\/wp-content\/uploads\/2021\/02\/martin_huelle.jpg\" \/>\n\t<meta property=\"og:image:width\" content=\"2400\" \/>\n\t<meta property=\"og:image:height\" content=\"1600\" \/>\n\t<meta property=\"og:image:type\" content=\"image\/jpeg\" \/>\n<meta name=\"twitter:card\" content=\"summary_large_image\" \/>\n<meta name=\"twitter:site\" content=\"@MartinHuelle\" \/>\n<meta name=\"twitter:label1\" content=\"Gesch\u00e4tzte Lesezeit\" \/>\n\t<meta name=\"twitter:data1\" content=\"5\u00a0Minuten\" \/>\n<script type=\"application\/ld+json\" class=\"yoast-schema-graph\">{\"@context\":\"https:\\\/\\\/schema.org\",\"@graph\":[{\"@type\":\"WebPage\",\"@id\":\"https:\\\/\\\/www.martin-huelle.de\\\/blog\\\/ueber-mich\\\/\",\"url\":\"https:\\\/\\\/www.martin-huelle.de\\\/blog\\\/ueber-mich\\\/\",\"name\":\"\u00dcber mich - Martin H\u00fclle\",\"isPartOf\":{\"@id\":\"https:\\\/\\\/www.martin-huelle.de\\\/blog\\\/#website\"},\"primaryImageOfPage\":{\"@id\":\"https:\\\/\\\/www.martin-huelle.de\\\/blog\\\/ueber-mich\\\/#primaryimage\"},\"image\":{\"@id\":\"https:\\\/\\\/www.martin-huelle.de\\\/blog\\\/ueber-mich\\\/#primaryimage\"},\"thumbnailUrl\":\"https:\\\/\\\/www.martin-huelle.de\\\/blog\\\/wp-content\\\/uploads\\\/2021\\\/02\\\/martin_huelle.jpg\",\"datePublished\":\"2009-06-29T15:24:33+00:00\",\"dateModified\":\"2025-11-07T15:35:46+00:00\",\"breadcrumb\":{\"@id\":\"https:\\\/\\\/www.martin-huelle.de\\\/blog\\\/ueber-mich\\\/#breadcrumb\"},\"inLanguage\":\"de\",\"potentialAction\":[{\"@type\":\"ReadAction\",\"target\":[\"https:\\\/\\\/www.martin-huelle.de\\\/blog\\\/ueber-mich\\\/\"]}]},{\"@type\":\"ImageObject\",\"inLanguage\":\"de\",\"@id\":\"https:\\\/\\\/www.martin-huelle.de\\\/blog\\\/ueber-mich\\\/#primaryimage\",\"url\":\"https:\\\/\\\/www.martin-huelle.de\\\/blog\\\/wp-content\\\/uploads\\\/2021\\\/02\\\/martin_huelle.jpg\",\"contentUrl\":\"https:\\\/\\\/www.martin-huelle.de\\\/blog\\\/wp-content\\\/uploads\\\/2021\\\/02\\\/martin_huelle.jpg\",\"width\":2400,\"height\":1600,\"caption\":\"Am Kungsleden, Foto: Martin H\u00fclle\"},{\"@type\":\"BreadcrumbList\",\"@id\":\"https:\\\/\\\/www.martin-huelle.de\\\/blog\\\/ueber-mich\\\/#breadcrumb\",\"itemListElement\":[{\"@type\":\"ListItem\",\"position\":1,\"name\":\"Startseite\",\"item\":\"https:\\\/\\\/www.martin-huelle.de\\\/blog\\\/\"},{\"@type\":\"ListItem\",\"position\":2,\"name\":\"\u00dcber mich\"}]},{\"@type\":\"WebSite\",\"@id\":\"https:\\\/\\\/www.martin-huelle.de\\\/blog\\\/#website\",\"url\":\"https:\\\/\\\/www.martin-huelle.de\\\/blog\\\/\",\"name\":\"Martin H\u00fclle\",\"description\":\"Fotografie - Blog\",\"potentialAction\":[{\"@type\":\"SearchAction\",\"target\":{\"@type\":\"EntryPoint\",\"urlTemplate\":\"https:\\\/\\\/www.martin-huelle.de\\\/blog\\\/?s={search_term_string}\"},\"query-input\":{\"@type\":\"PropertyValueSpecification\",\"valueRequired\":true,\"valueName\":\"search_term_string\"}}],\"inLanguage\":\"de\"}]}<\/script>\n<!-- \/ Yoast SEO plugin. -->","yoast_head_json":{"title":"\u00dcber mich - Martin H\u00fclle","robots":{"index":"index","follow":"follow","max-snippet":"max-snippet:-1","max-image-preview":"max-image-preview:large","max-video-preview":"max-video-preview:-1"},"canonical":"https:\/\/www.martin-huelle.de\/blog\/ueber-mich\/","og_locale":"de_DE","og_type":"article","og_title":"\u00dcber mich - Martin H\u00fclle","og_description":"Hej, mein Name ist Martin H\u00fclle (*1973). Gemeinsam mit meiner Familie lebe ich in Wuppertal im Bergischen Land. Mein Herz schl\u00e4gt vor allem f\u00fcr die abgeschiedenen Regionen des hohen Nordens. Seit \u00fcber 30 Jahren durchstreife ich Berglandschaften und Gletscherwelten im Sommer wie im Winter. Ob zu Fu\u00df oder mit Ski habe ich auf unz\u00e4hligen Touren&hellip;","og_url":"https:\/\/www.martin-huelle.de\/blog\/ueber-mich\/","og_site_name":"Martin H\u00fclle","article_publisher":"https:\/\/www.facebook.com\/MartinHuelleFotografie","article_modified_time":"2025-11-07T15:35:46+00:00","og_image":[{"width":2400,"height":1600,"url":"https:\/\/www.martin-huelle.de\/blog\/wp-content\/uploads\/2021\/02\/martin_huelle.jpg","type":"image\/jpeg"}],"twitter_card":"summary_large_image","twitter_site":"@MartinHuelle","twitter_misc":{"Gesch\u00e4tzte Lesezeit":"5\u00a0Minuten"},"schema":{"@context":"https:\/\/schema.org","@graph":[{"@type":"WebPage","@id":"https:\/\/www.martin-huelle.de\/blog\/ueber-mich\/","url":"https:\/\/www.martin-huelle.de\/blog\/ueber-mich\/","name":"\u00dcber mich - Martin H\u00fclle","isPartOf":{"@id":"https:\/\/www.martin-huelle.de\/blog\/#website"},"primaryImageOfPage":{"@id":"https:\/\/www.martin-huelle.de\/blog\/ueber-mich\/#primaryimage"},"image":{"@id":"https:\/\/www.martin-huelle.de\/blog\/ueber-mich\/#primaryimage"},"thumbnailUrl":"https:\/\/www.martin-huelle.de\/blog\/wp-content\/uploads\/2021\/02\/martin_huelle.jpg","datePublished":"2009-06-29T15:24:33+00:00","dateModified":"2025-11-07T15:35:46+00:00","breadcrumb":{"@id":"https:\/\/www.martin-huelle.de\/blog\/ueber-mich\/#breadcrumb"},"inLanguage":"de","potentialAction":[{"@type":"ReadAction","target":["https:\/\/www.martin-huelle.de\/blog\/ueber-mich\/"]}]},{"@type":"ImageObject","inLanguage":"de","@id":"https:\/\/www.martin-huelle.de\/blog\/ueber-mich\/#primaryimage","url":"https:\/\/www.martin-huelle.de\/blog\/wp-content\/uploads\/2021\/02\/martin_huelle.jpg","contentUrl":"https:\/\/www.martin-huelle.de\/blog\/wp-content\/uploads\/2021\/02\/martin_huelle.jpg","width":2400,"height":1600,"caption":"Am Kungsleden, Foto: Martin H\u00fclle"},{"@type":"BreadcrumbList","@id":"https:\/\/www.martin-huelle.de\/blog\/ueber-mich\/#breadcrumb","itemListElement":[{"@type":"ListItem","position":1,"name":"Startseite","item":"https:\/\/www.martin-huelle.de\/blog\/"},{"@type":"ListItem","position":2,"name":"\u00dcber mich"}]},{"@type":"WebSite","@id":"https:\/\/www.martin-huelle.de\/blog\/#website","url":"https:\/\/www.martin-huelle.de\/blog\/","name":"Martin H\u00fclle","description":"Fotografie - Blog","potentialAction":[{"@type":"SearchAction","target":{"@type":"EntryPoint","urlTemplate":"https:\/\/www.martin-huelle.de\/blog\/?s={search_term_string}"},"query-input":{"@type":"PropertyValueSpecification","valueRequired":true,"valueName":"search_term_string"}}],"inLanguage":"de"}]}},"jetpack_sharing_enabled":true,"jetpack_shortlink":"https:\/\/wp.me\/P3Wb1B-2","_links":{"self":[{"href":"https:\/\/www.martin-huelle.de\/blog\/wp-json\/wp\/v2\/pages\/2","targetHints":{"allow":["GET"]}}],"collection":[{"href":"https:\/\/www.martin-huelle.de\/blog\/wp-json\/wp\/v2\/pages"}],"about":[{"href":"https:\/\/www.martin-huelle.de\/blog\/wp-json\/wp\/v2\/types\/page"}],"author":[{"embeddable":true,"href":"https:\/\/www.martin-huelle.de\/blog\/wp-json\/wp\/v2\/users\/2"}],"replies":[{"embeddable":true,"href":"https:\/\/www.martin-huelle.de\/blog\/wp-json\/wp\/v2\/comments?post=2"}],"version-history":[{"count":157,"href":"https:\/\/www.martin-huelle.de\/blog\/wp-json\/wp\/v2\/pages\/2\/revisions"}],"predecessor-version":[{"id":12489,"href":"https:\/\/www.martin-huelle.de\/blog\/wp-json\/wp\/v2\/pages\/2\/revisions\/12489"}],"wp:attachment":[{"href":"https:\/\/www.martin-huelle.de\/blog\/wp-json\/wp\/v2\/media?parent=2"}],"curies":[{"name":"wp","href":"https:\/\/api.w.org\/{rel}","templated":true}]}}